{"id":71500,"date":"2026-02-26T13:50:50","date_gmt":"2026-02-26T18:50:50","guid":{"rendered":"https:\/\/eq-foods.com\/contact\/"},"modified":"2026-03-20T11:33:58","modified_gmt":"2026-03-20T15:33:58","slug":"contact","status":"publish","type":"page","link":"https:\/\/eq-foods.com\/fr\/contact\/","title":{"rendered":"Contact"},"content":{"rendered":"<p>[et_pb_section fb_built=\u00a0\u00bb1&Prime; admin_label=\u00a0\u00bbHero\u00a0\u00bb _builder_version=\u00a0\u00bb4.27.5&Prime; _module_preset=\u00a0\u00bb74c69059-8e69-4122-b1e6-dfeabf6c5711&Prime; use_background_color_gradient=\u00a0\u00bbon\u00a0\u00bb background_color_gradient_stops=\u00a0\u00bbrgba(0,0,0,0.6) 6%|rgba(0,0,0,0.4) 100%\u00a0\u00bb background_color_gradient_overlays_image=\u00a0\u00bbon\u00a0\u00bb background_color_gradient_start=\u00a0\u00bbrgba(0,0,0,0.5)\u00a0\u00bb background_color_gradient_end=\u00a0\u00bbrgba(0,0,0,0.75)\u00a0\u00bb background_image=\u00a0\u00bbhttps:\/\/eq-foods.com\/wp-content\/uploads\/2026\/03\/contact_slider.jpg\u00a0\u00bb custom_padding=\u00a0\u00bb12vw||12vw||true|false\u00a0\u00bb locked=\u00a0\u00bboff\u00a0\u00bb collapsed=\u00a0\u00bbon\u00a0\u00bb global_colors_info=\u00a0\u00bb{}\u00a0\u00bb][et_pb_row _builder_version=\u00a0\u00bb4.24.2&Prime; _module_preset=\u00a0\u00bb5138c454-be54-4233-bd3b-f8e6a8747976&Prime; locked=\u00a0\u00bboff\u00a0\u00bb global_colors_info=\u00a0\u00bb{}\u00a0\u00bb][et_pb_column type=\u00a0\u00bb4_4&Prime; _builder_version=\u00a0\u00bb4.23.1&Prime; _module_preset=\u00a0\u00bb73121f80-a3ef-4484-8763-c3f18e3c56d2&Prime; global_colors_info=\u00a0\u00bb{}\u00a0\u00bb][et_pb_heading title=\u00a0\u00bbCommuniquez avec notre \u00e9quipe culinaire\u00a0\u00bb _builder_version=\u00a0\u00bb4.27.5&Prime; _module_preset=\u00a0\u00bbddeb8c09-9078-4424-bc15-2efb6572e28e\u00a0\u00bb title_font=\u00a0\u00bbRaleway|Cormorant Garamond_weight|||||||\u00a0\u00bb title_text_color=\u00a0\u00bb#FFFFFF\u00a0\u00bb title_font_size=\u00a0\u00bb72px\u00a0\u00bb title_line_height=\u00a0\u00bb1.15em\u00a0\u00bb title_font_size_tablet=\u00a0\u00bb40px\u00a0\u00bb title_font_size_phone=\u00a0\u00bb24px\u00a0\u00bb title_font_size_last_edited=\u00a0\u00bbon|phone\u00a0\u00bb locked=\u00a0\u00bboff\u00a0\u00bb global_colors_info=\u00a0\u00bb{}\u00a0\u00bb][\/et_pb_heading][\/et_pb_column][\/et_pb_row][\/et_pb_section][et_pb_section fb_built=\u00a0\u00bb1&Prime; _builder_version=\u00a0\u00bb4.16&Prime; custom_padding=\u00a0\u00bb95px||90px|||\u00a0\u00bb global_colors_info=\u00a0\u00bb{}\u00a0\u00bb][et_pb_row column_structure=\u00a0\u00bb3_5,2_5&Prime; use_custom_gutter=\u00a0\u00bbon\u00a0\u00bb gutter_width=\u00a0\u00bb2&Prime; make_equal=\u00a0\u00bbon\u00a0\u00bb _builder_version=\u00a0\u00bb4.16&Prime; width=\u00a0\u00bb90%\u00a0\u00bb width_tablet=\u00a0\u00bb90%\u00a0\u00bb width_phone=\u00a0\u00bb90%\u00a0\u00bb width_last_edited=\u00a0\u00bbon|desktop\u00a0\u00bb max_width_tablet=\u00a0\u00bb90%\u00a0\u00bb max_width_phone=\u00a0\u00bb90%\u00a0\u00bb max_width_last_edited=\u00a0\u00bboff|desktop\u00a0\u00bb custom_padding=\u00a0\u00bb0px||0px||false|false\u00a0\u00bb global_colors_info=\u00a0\u00bb{}\u00a0\u00bb][et_pb_column type=\u00a0\u00bb3_5&Prime; _builder_version=\u00a0\u00bb4.16&Prime; global_colors_info=\u00a0\u00bb{}\u00a0\u00bb][et_pb_image src=\u00a0\u00bbhttps:\/\/eq-foods.com\/wp-content\/uploads\/2026\/03\/contact_image.jpg\u00a0\u00bb _builder_version=\u00a0\u00bb4.27.5&Prime; _module_preset=\u00a0\u00bbdefault\u00a0\u00bb global_colors_info=\u00a0\u00bb{}\u00a0\u00bb][\/et_pb_image][\/et_pb_column][et_pb_column type=\u00a0\u00bb2_5&Prime; _builder_version=\u00a0\u00bb4.16&Prime; global_colors_info=\u00a0\u00bb{}\u00a0\u00bb][et_pb_text _builder_version=\u00a0\u00bb4.27.6&Prime; text_font=\u00a0\u00bbRaleway||||||||\u00a0\u00bb text_text_color=\u00a0\u00bb#7f7f7f\u00a0\u00bb text_font_size=\u00a0\u00bb15px\u00a0\u00bb text_line_height=\u00a0\u00bb1.8em\u00a0\u00bb header_font=\u00a0\u00bbRaleway||||||||\u00a0\u00bb header_2_font=\u00a0\u00bbRaleway|800|||||||\u00a0\u00bb header_2_text_color=\u00a0\u00bb#000000&Prime; header_2_font_size=\u00a0\u00bb20px\u00a0\u00bb background_color=\u00a0\u00bb#ffffff\u00a0\u00bb z_index=\u00a0\u00bb999&Prime; custom_margin=\u00a0\u00bb73px|||-150px|false|false\u00a0\u00bb custom_margin_tablet=\u00a0\u00bb40px|||0px|false|false\u00a0\u00bb custom_margin_phone=\u00a0\u00bb40px|||0px|false|false\u00a0\u00bb custom_margin_last_edited=\u00a0\u00bbon|phone\u00a0\u00bb custom_padding=\u00a0\u00bb80px|80px|80px|80px|true|true\u00a0\u00bb custom_padding_tablet=\u00a0\u00bb\u00a0\u00bb custom_padding_phone=\u00a0\u00bb40px|40px|40px|40px|true|true\u00a0\u00bb custom_padding_last_edited=\u00a0\u00bbon|phone\u00a0\u00bb animation_direction=\u00a0\u00bbright\u00a0\u00bb hover_enabled=\u00a0\u00bb0&Prime; box_shadow_style=\u00a0\u00bbpreset1&Prime; box_shadow_blur=\u00a0\u00bb80px\u00a0\u00bb box_shadow_color=\u00a0\u00bbrgba(158,158,158,0.3)\u00a0\u00bb global_colors_info=\u00a0\u00bb{}\u00a0\u00bb sticky_enabled=\u00a0\u00bb0&Prime;]<\/p>\n<p>Effluves &amp; Quintessence\u00ae offre des solutions culinaires haut de gamme destin\u00e9es aux chefs, restaurateurs, h\u00f4teliers et transformateurs alimentaires exigeant authenticit\u00e9 et constance. Inspir\u00e9e des traditions gastronomiques et de plusieurs d\u00e9cennies d\u2019expertise, notre gamme de glaces, bouillons, fonds et sauces de style artisanal est con\u00e7ue pour simplifier les op\u00e9rations en cuisine tout en rehaussant chaque cr\u00e9ation. Associez-vous \u00e0 Effluves &amp; Quintessence\u00ae pour pr\u00e9server l\u2019h\u00e9ritage culinaire et optimiser votre cuisine professionnelle \u2014 contactez notre \u00e9quipe pour en savoir plus.  <\/p>\n<h2>Angelis Sarbanis<\/h2>\n<p>angelis@original86.com<br \/><span>Cell: 514-892-9592<br \/>Bureau: 514-856-1000<\/span><\/p>\n<h2>Jean Durand<\/h2>\n<p>info@eq-foods.com<\/p>\n<h2>Adresse<\/h2>\n<p>7171 Boul. Thimens,<br \/>Saint-Laurent (Qc) Canada<br \/>H4S 2A2<\/p>\n<p>[\/et_pb_text][\/et_pb_column][\/et_pb_row][\/et_pb_section]<\/p>\n","protected":false},"excerpt":{"rendered":"<p>Effluves &amp; Quintessence\u00ae offre des solutions culinaires haut de gamme destin\u00e9es aux chefs, restaurateurs, h\u00f4teliers et transformateurs alimentaires exigeant authenticit\u00e9 et constance. Inspir\u00e9e des traditions gastronomiques et de plusieurs d\u00e9cennies d\u2019expertise, notre gamme de glaces, bouillons, fonds et sauces de style artisanal est con\u00e7ue pour simplifier les op\u00e9rations en cuisine tout en rehaussant chaque cr\u00e9ation. [&hellip;]<\/p>\n","protected":false},"author":1,"featured_media":0,"parent":0,"menu_order":0,"comment_status":"closed","ping_status":"closed","template":"","meta":{"_et_pb_use_builder":"on","_et_pb_old_content":"","_et_gb_content_width":"","footnotes":""},"class_list":["post-71500","page","type-page","status-publish","hentry"],"_links":{"self":[{"href":"https:\/\/eq-foods.com\/fr\/wp-json\/wp\/v2\/pages\/71500","targetHints":{"allow":["GET"]}}],"collection":[{"href":"https:\/\/eq-foods.com\/fr\/wp-json\/wp\/v2\/pages"}],"about":[{"href":"https:\/\/eq-foods.com\/fr\/wp-json\/wp\/v2\/types\/page"}],"author":[{"embeddable":true,"href":"https:\/\/eq-foods.com\/fr\/wp-json\/wp\/v2\/users\/1"}],"replies":[{"embeddable":true,"href":"https:\/\/eq-foods.com\/fr\/wp-json\/wp\/v2\/comments?post=71500"}],"version-history":[{"count":7,"href":"https:\/\/eq-foods.com\/fr\/wp-json\/wp\/v2\/pages\/71500\/revisions"}],"predecessor-version":[{"id":71527,"href":"https:\/\/eq-foods.com\/fr\/wp-json\/wp\/v2\/pages\/71500\/revisions\/71527"}],"wp:attachment":[{"href":"https:\/\/eq-foods.com\/fr\/wp-json\/wp\/v2\/media?parent=71500"}],"curies":[{"name":"wp","href":"https:\/\/api.w.org\/{rel}","templated":true}]}}