{"id":71482,"date":"2026-02-27T15:18:26","date_gmt":"2026-02-27T20:18:26","guid":{"rendered":"https:\/\/eq-foods.com\/relever-les-defis-avec-succes\/"},"modified":"2026-03-05T12:00:53","modified_gmt":"2026-03-05T17:00:53","slug":"relever-les-defis-avec-succes","status":"publish","type":"page","link":"https:\/\/eq-foods.com\/fr\/relever-les-defis-avec-succes\/","title":{"rendered":"Relever les d\u00e9fis avec succ\u00e8s"},"content":{"rendered":"<p>[et_pb_section fb_built=\u00a0\u00bb1&Prime; admin_label=\u00a0\u00bbHero\u00a0\u00bb _builder_version=\u00a0\u00bb4.27.5&Prime; _module_preset=\u00a0\u00bb74c69059-8e69-4122-b1e6-dfeabf6c5711&Prime; use_background_color_gradient=\u00a0\u00bbon\u00a0\u00bb background_color_gradient_stops=\u00a0\u00bbrgba(0,0,0,0.6) 92%|rgba(0,0,0,0.9) 100%\u00a0\u00bb background_color_gradient_overlays_image=\u00a0\u00bbon\u00a0\u00bb background_color_gradient_start=\u00a0\u00bbrgba(0,0,0,0.5)\u00a0\u00bb background_color_gradient_end=\u00a0\u00bbrgba(0,0,0,0.75)\u00a0\u00bb background_image=\u00a0\u00bbhttps:\/\/eq-foods.com\/wp-content\/uploads\/2026\/03\/Successfullymeeting_slider.jpg\u00a0\u00bb custom_padding=\u00a0\u00bb8vw||8vw||true|false\u00a0\u00bb locked=\u00a0\u00bboff\u00a0\u00bb collapsed=\u00a0\u00bbon\u00a0\u00bb global_colors_info=\u00a0\u00bb{}\u00a0\u00bb][et_pb_row _builder_version=\u00a0\u00bb4.24.2&Prime; _module_preset=\u00a0\u00bb5138c454-be54-4233-bd3b-f8e6a8747976&Prime; locked=\u00a0\u00bboff\u00a0\u00bb global_colors_info=\u00a0\u00bb{}\u00a0\u00bb][et_pb_column type=\u00a0\u00bb4_4&Prime; _builder_version=\u00a0\u00bb4.23.1&Prime; _module_preset=\u00a0\u00bb73121f80-a3ef-4484-8763-c3f18e3c56d2&Prime; global_colors_info=\u00a0\u00bb{}\u00a0\u00bb][et_pb_heading title=\u00a0\u00bbRelever les d\u00e9fis avec succ\u00e8s\u00a0\u00bb _builder_version=\u00a0\u00bb4.27.5&Prime; _module_preset=\u00a0\u00bbddeb8c09-9078-4424-bc15-2efb6572e28e\u00a0\u00bb title_font=\u00a0\u00bbRaleway|Cormorant Garamond_weight|||||||\u00a0\u00bb title_text_color=\u00a0\u00bb#FFFFFF\u00a0\u00bb title_font_size=\u00a0\u00bb72px\u00a0\u00bb title_line_height=\u00a0\u00bb1.15em\u00a0\u00bb title_font_size_tablet=\u00a0\u00bb40px\u00a0\u00bb title_font_size_phone=\u00a0\u00bb24px\u00a0\u00bb title_font_size_last_edited=\u00a0\u00bbon|phone\u00a0\u00bb locked=\u00a0\u00bboff\u00a0\u00bb global_colors_info=\u00a0\u00bb{}\u00a0\u00bb][\/et_pb_heading][\/et_pb_column][\/et_pb_row][\/et_pb_section][et_pb_section fb_built=\u00a0\u00bb1&Prime; admin_label=\u00a0\u00bbText &#038; Image\u00a0\u00bb _builder_version=\u00a0\u00bb4.17.6&Prime; _module_preset=\u00a0\u00bbdefault\u00a0\u00bb locked=\u00a0\u00bboff\u00a0\u00bb collapsed=\u00a0\u00bbon\u00a0\u00bb global_colors_info=\u00a0\u00bb{}\u00a0\u00bb][et_pb_row column_structure=\u00a0\u00bb1_2,1_2&Prime; _builder_version=\u00a0\u00bb4.27.5&Prime; _module_preset=\u00a0\u00bb5138c454-be54-4233-bd3b-f8e6a8747976&Prime; global_colors_info=\u00a0\u00bb{}\u00a0\u00bb][et_pb_column type=\u00a0\u00bb1_2&Prime; _builder_version=\u00a0\u00bb4.16&Prime; _module_preset=\u00a0\u00bb73121f80-a3ef-4484-8763-c3f18e3c56d2&Prime; global_colors_info=\u00a0\u00bb{}\u00a0\u00bb][et_pb_text quote_border_color=\u00a0\u00bb#ffb703&Prime; _builder_version=\u00a0\u00bb4.27.5&Prime; _module_preset=\u00a0\u00bb2c55a9c4-feed-423b-9edb-ae0b5b365cac\u00a0\u00bb text_font=\u00a0\u00bbRaleway|Proza Libre_weight|||||||\u00a0\u00bb text_text_color=\u00a0\u00bb#000000&Prime; text_font_size=\u00a0\u00bb16px\u00a0\u00bb text_line_height=\u00a0\u00bb1.75em\u00a0\u00bb link_font=\u00a0\u00bb|Proza Libre_weight|||||||\u00a0\u00bb link_text_color=\u00a0\u00bb#fb8500&Prime; quote_font=\u00a0\u00bbCormorant Garamond|Cormorant Garamond_weight|||||||\u00a0\u00bb quote_text_color=\u00a0\u00bb#0e0c19&Prime; header_font=\u00a0\u00bbCormorant Garamond|Cormorant Garamond_weight|||||||\u00a0\u00bb header_text_color=\u00a0\u00bb#0e0c19&Prime; header_font_size=\u00a0\u00bb72px\u00a0\u00bb header_line_height=\u00a0\u00bb1.15em\u00a0\u00bb header_2_font=\u00a0\u00bbCormorant Garamond|Cormorant Garamond_weight|||||||\u00a0\u00bb header_2_text_color=\u00a0\u00bb#0e0c19&Prime; header_2_font_size=\u00a0\u00bb50px\u00a0\u00bb header_2_line_height=\u00a0\u00bb1.2em\u00a0\u00bb header_3_font=\u00a0\u00bbCormorant Garamond|Cormorant Garamond_weight|||||||\u00a0\u00bb header_3_text_color=\u00a0\u00bb#0e0c19&Prime; header_3_font_size=\u00a0\u00bb32px\u00a0\u00bb header_3_line_height=\u00a0\u00bb1.3em\u00a0\u00bb header_4_font=\u00a0\u00bbCormorant Garamond|Cormorant Garamond_weight|||||||\u00a0\u00bb header_4_text_color=\u00a0\u00bb#0e0c19&Prime; header_4_font_size=\u00a0\u00bb24px\u00a0\u00bb header_4_line_height=\u00a0\u00bb1.4em\u00a0\u00bb header_5_font=\u00a0\u00bbCormorant Garamond|Cormorant Garamond_weight|||||||\u00a0\u00bb header_5_text_color=\u00a0\u00bb#0e0c19&Prime; header_5_font_size=\u00a0\u00bb18px\u00a0\u00bb header_5_line_height=\u00a0\u00bb1.4em\u00a0\u00bb header_6_font=\u00a0\u00bbCormorant Garamond|Cormorant Garamond_weight|||||||\u00a0\u00bb header_6_text_color=\u00a0\u00bb#0e0c19&Prime; header_6_line_height=\u00a0\u00bb1.5em\u00a0\u00bb custom_margin=\u00a0\u00bb||||false|false\u00a0\u00bb text_font_size_tablet=\u00a0\u00bb15px\u00a0\u00bb text_font_size_phone=\u00a0\u00bb14px\u00a0\u00bb text_font_size_last_edited=\u00a0\u00bbon|phone\u00a0\u00bb header_font_size_tablet=\u00a0\u00bb40px\u00a0\u00bb header_font_size_phone=\u00a0\u00bb24px\u00a0\u00bb header_font_size_last_edited=\u00a0\u00bbon|desktop\u00a0\u00bb header_2_font_size_tablet=\u00a0\u00bb28px\u00a0\u00bb header_2_font_size_phone=\u00a0\u00bb20px\u00a0\u00bb header_2_font_size_last_edited=\u00a0\u00bbon|phone\u00a0\u00bb header_3_font_size_tablet=\u00a0\u00bb22px\u00a0\u00bb header_3_font_size_phone=\u00a0\u00bb17px\u00a0\u00bb header_3_font_size_last_edited=\u00a0\u00bbon|phone\u00a0\u00bb header_4_font_size_tablet=\u00a0\u00bb18px\u00a0\u00bb header_4_font_size_phone=\u00a0\u00bb15px\u00a0\u00bb header_4_font_size_last_edited=\u00a0\u00bbon|tablet\u00a0\u00bb header_5_font_size_tablet=\u00a0\u00bb15px\u00a0\u00bb header_5_font_size_phone=\u00a0\u00bb14px\u00a0\u00bb header_5_font_size_last_edited=\u00a0\u00bbon|desktop\u00a0\u00bb header_6_font_size_tablet=\u00a0\u00bb13px\u00a0\u00bb header_6_font_size_phone=\u00a0\u00bb13px\u00a0\u00bb header_6_font_size_last_edited=\u00a0\u00bbon|desktop\u00a0\u00bb global_colors_info=\u00a0\u00bb{}\u00a0\u00bb]<\/p>\n<p>Depuis sa cr\u00e9ation en 2010, Effluves &amp; Quintessence a su relever plusieurs d\u00e9fis de taille au fil de son d\u00e9veloppement. \u00c0 ses d\u00e9buts, l&rsquo;entreprise a fait face \u00e0 la n\u00e9cessit\u00e9 de faire conna\u00eetre sa gamme de produits aupr\u00e8s des chefs restaurateurs et h\u00f4teliers. Il s\u2019agissait notamment de convaincre ces professionnels que les produits propos\u00e9s pouvaient v\u00e9ritablement les soutenir dans leurs op\u00e9rations, gr\u00e2ce \u00e0 une qualit\u00e9 \u00e9gale ou sup\u00e9rieure et une constance irr\u00e9prochable.<\/p>\n<p>Un argument important \u00e9tait \u00e9galement l\u2019optimisation de l\u2019espace physique, en particulier la r\u00e9duction de l\u2019encombrement caus\u00e9 par l\u2019entreposage de caisses d\u2019os dans les cong\u00e9lateurs des \u00e9tablissements. Pour surmonter ces r\u00e9ticences, la strat\u00e9gie privil\u00e9gi\u00e9e a \u00e9t\u00e9 de faire d\u00e9couvrir les produits directement sur place, en pr\u00e9sence du chef et de ses proches collaborateurs, permettant ainsi une exp\u00e9rience gustative imm\u00e9diate et convaincante.<\/p>\n<p>Avec l\u2019expansion rapide de la gamme de produits, un nouveau d\u00e9fi s\u2019est impos\u00e9 : adapter la m\u00e9thode de production tout en pr\u00e9servant la qualit\u00e9 et en restant fid\u00e8le \u00e0 la mission de l\u2019entreprise, soit le maintien d\u2019une m\u00e9thode de fabrication artisanale et respectueuse des r\u00e8gles de l\u2019art.<\/p>\n<p>Cependant, le d\u00e9fi le plus marquant a \u00e9t\u00e9 l\u2019approvisionnement en mati\u00e8res premi\u00e8res. En 2025, la raret\u00e9 et la hausse des co\u00fbts extraordinaire de ces ressources sont devenues des enjeux majeurs, affectant directement le processus de croissance de l\u2019entreprise. Face \u00e0 cette situation, il a \u00e9t\u00e9 n\u00e9cessaire de revoir le plan d\u2019affaires afin de garantir la qualit\u00e9 des produits tout en maintenant des prix comp\u00e9titifs pour la client\u00e8le.<\/p>\n<p>La force d\u2019Effluves &amp; Quintessence r\u00e9side dans la solidit\u00e9 de ses partenariats \u00e9tablis depuis le d\u00e9but. Gr\u00e2ce \u00e0 ces partenaires, l\u2019entreprise a pu soutenir sa croissance tout en conservant sa vision initiale et en maintenant des co\u00fbts accessibles pour tous ses clients. Dans l\u2019optique de poursuivre cette tendance, l\u2019ann\u00e9e 2026 marque une \u00e9tape importante avec le d\u00e9veloppement pr\u00e9vu de nouveaux march\u00e9s.<\/p>\n<p>Aujourd\u2019hui, ces partenariats solides permettent \u00e0 l\u2019entreprise de b\u00e9n\u00e9ficier d\u2019investissements consid\u00e9rables. Ce soutien financier permettra d\u2019augmenter de fa\u00e7on substantielle la capacit\u00e9 de production, tout en continuant \u00e0 offrir des produits de qualit\u00e9 sup\u00e9rieure destin\u00e9s aux secteurs de la restauration, de l\u2019h\u00f4tellerie et de la transformation alimentaire.<\/p>\n<p>[\/et_pb_text][\/et_pb_column][et_pb_column type=\u00a0\u00bb1_2&Prime; _builder_version=\u00a0\u00bb4.16&Prime; _module_preset=\u00a0\u00bb73121f80-a3ef-4484-8763-c3f18e3c56d2&Prime; global_colors_info=\u00a0\u00bb{}\u00a0\u00bb][et_pb_image src=\u00a0\u00bbhttps:\/\/eq-foods.com\/wp-content\/uploads\/2026\/03\/Successfullymeeting_vertical.jpg\u00a0\u00bb _builder_version=\u00a0\u00bb4.27.5&Prime; _module_preset=\u00a0\u00bb1cc6152f-565c-4c4d-b0c9-cf8c9576c341&Prime; border_radii=\u00a0\u00bbon|6px|6px|6px|6px\u00a0\u00bb box_shadow_style=\u00a0\u00bbpreset3&Prime; box_shadow_vertical=\u00a0\u00bb40px\u00a0\u00bb box_shadow_blur=\u00a0\u00bb112px\u00a0\u00bb box_shadow_spread=\u00a0\u00bb-24px\u00a0\u00bb box_shadow_color=\u00a0\u00bbrgba(0,0,0,0.12)\u00a0\u00bb locked=\u00a0\u00bboff\u00a0\u00bb global_colors_info=\u00a0\u00bb{}\u00a0\u00bb][\/et_pb_image][\/et_pb_column][\/et_pb_row][\/et_pb_section][et_pb_section fb_built=\u00a0\u00bb1&Prime; admin_label=\u00a0\u00bbText\u00a0\u00bb _builder_version=\u00a0\u00bb4.27.5&Prime; _module_preset=\u00a0\u00bbdefault\u00a0\u00bb use_background_color_gradient=\u00a0\u00bbon\u00a0\u00bb background_color_gradient_stops=\u00a0\u00bbrgba(0,0,0,0.5) 0%|rgba(0,0,0,0.75) 100%\u00a0\u00bb background_color_gradient_overlays_image=\u00a0\u00bbon\u00a0\u00bb background_color_gradient_start=\u00a0\u00bbrgba(0,0,0,0.5)\u00a0\u00bb background_color_gradient_end=\u00a0\u00bbrgba(0,0,0,0.75)\u00a0\u00bb background_image=\u00a0\u00bbhttps:\/\/eq-foods.com\/wp-content\/uploads\/2026\/02\/pro-chefs.jpg\u00a0\u00bb parallax=\u00a0\u00bbon\u00a0\u00bb custom_padding=\u00a0\u00bb8%||8%||true|false\u00a0\u00bb locked=\u00a0\u00bboff\u00a0\u00bb collapsed=\u00a0\u00bbon\u00a0\u00bb global_colors_info=\u00a0\u00bb{}\u00a0\u00bb][et_pb_row _builder_version=\u00a0\u00bb4.24.2&Prime; _module_preset=\u00a0\u00bb5138c454-be54-4233-bd3b-f8e6a8747976&Prime; locked=\u00a0\u00bboff\u00a0\u00bb global_colors_info=\u00a0\u00bb{}\u00a0\u00bb][et_pb_column type=\u00a0\u00bb4_4&Prime; _builder_version=\u00a0\u00bb4.16.1&Prime; _module_preset=\u00a0\u00bb73121f80-a3ef-4484-8763-c3f18e3c56d2&Prime; global_colors_info=\u00a0\u00bb{}\u00a0\u00bb][et_pb_heading title=\u00a0\u00bbEngagement envers la qualit\u00e9 et la conformit\u00e9\u00a0\u00bb _builder_version=\u00a0\u00bb4.27.6&Prime; _module_preset=\u00a0\u00bbc33f07d9-41e0-421a-8799-5799df695cce\u00a0\u00bb title_level=\u00a0\u00bbh2&Prime; title_font=\u00a0\u00bbRaleway|Cormorant Garamond_weight|||||||\u00a0\u00bb title_text_color=\u00a0\u00bb#FFFFFF\u00a0\u00bb title_font_size=\u00a0\u00bb50px\u00a0\u00bb title_line_height=\u00a0\u00bb1.2em\u00a0\u00bb custom_margin=\u00a0\u00bb||10px||false|false\u00a0\u00bb hover_enabled=\u00a0\u00bb0&Prime; title_font_size_tablet=\u00a0\u00bb28px\u00a0\u00bb title_font_size_phone=\u00a0\u00bb30px\u00a0\u00bb title_font_size_last_edited=\u00a0\u00bbon|phone\u00a0\u00bb locked=\u00a0\u00bboff\u00a0\u00bb global_colors_info=\u00a0\u00bb{}\u00a0\u00bb sticky_enabled=\u00a0\u00bb0&Prime;][\/et_pb_heading][et_pb_text _builder_version=\u00a0\u00bb4.27.5&Prime; _module_preset=\u00a0\u00bbdefault\u00a0\u00bb text_font=\u00a0\u00bbRaleway||||||||\u00a0\u00bb text_text_color=\u00a0\u00bb#FFFFFF\u00a0\u00bb text_font_size=\u00a0\u00bb20px\u00a0\u00bb text_line_height=\u00a0\u00bb1.5em\u00a0\u00bb global_colors_info=\u00a0\u00bb{}\u00a0\u00bb]Effluves &amp; Quintessence s\u2019engage \u00e0 fabriquer ses produits dans le respect rigoureux des r\u00e8gles de l\u2019art, en assurant une conformit\u00e9 totale avec les normes les plus strictes de l\u2019industrie alimentaire. Cet engagement est notamment soutenu par la certification SQF (Safe Quality Food), qui garantit un contr\u00f4le rigoureux de la s\u00e9curit\u00e9 et de la qualit\u00e9 \u00e0 chaque \u00e9tape de la production. Pour le client, cette certification signifie que les produits sont fabriqu\u00e9s dans un environnement o\u00f9 la s\u00e9curit\u00e9 alimentaire est prioritaire, r\u00e9duisant les risques et assurant une constance exemplaire du go\u00fbt et de la qualit\u00e9.<\/p>\n<p>Tout au long du processus de fabrication, un soin particulier est accord\u00e9 \u00e0 la pr\u00e9servation du go\u00fbt, de la constance et de l\u2019int\u00e9grit\u00e9 des ingr\u00e9dients. Gr\u00e2ce \u00e0 ses standards \u00e9lev\u00e9s, Effluves &amp; Quintessence offre \u00e0 sa client\u00e8le une gamme de produits uniques et savoureux, permettant aux restaurateurs, h\u00f4teliers et transformateurs alimentaires de servir leurs propres clients avec confiance et fiert\u00e9.[\/et_pb_text][\/et_pb_column][\/et_pb_row][\/et_pb_section]<\/p>\n","protected":false},"excerpt":{"rendered":"<p>Depuis sa cr\u00e9ation en 2010, Effluves &amp; Quintessence a su relever plusieurs d\u00e9fis de taille au fil de son d\u00e9veloppement. \u00c0 ses d\u00e9buts, l&rsquo;entreprise a fait face \u00e0 la n\u00e9cessit\u00e9 de faire conna\u00eetre sa gamme de produits aupr\u00e8s des chefs restaurateurs et h\u00f4teliers. Il s\u2019agissait notamment de convaincre ces professionnels que les produits propos\u00e9s pouvaient [&hellip;]<\/p>\n","protected":false},"author":1,"featured_media":0,"parent":0,"menu_order":0,"comment_status":"closed","ping_status":"closed","template":"","meta":{"_et_pb_use_builder":"on","_et_pb_old_content":"","_et_gb_content_width":"","footnotes":""},"class_list":["post-71482","page","type-page","status-publish","hentry"],"_links":{"self":[{"href":"https:\/\/eq-foods.com\/fr\/wp-json\/wp\/v2\/pages\/71482","targetHints":{"allow":["GET"]}}],"collection":[{"href":"https:\/\/eq-foods.com\/fr\/wp-json\/wp\/v2\/pages"}],"about":[{"href":"https:\/\/eq-foods.com\/fr\/wp-json\/wp\/v2\/types\/page"}],"author":[{"embeddable":true,"href":"https:\/\/eq-foods.com\/fr\/wp-json\/wp\/v2\/users\/1"}],"replies":[{"embeddable":true,"href":"https:\/\/eq-foods.com\/fr\/wp-json\/wp\/v2\/comments?post=71482"}],"version-history":[{"count":2,"href":"https:\/\/eq-foods.com\/fr\/wp-json\/wp\/v2\/pages\/71482\/revisions"}],"predecessor-version":[{"id":71484,"href":"https:\/\/eq-foods.com\/fr\/wp-json\/wp\/v2\/pages\/71482\/revisions\/71484"}],"wp:attachment":[{"href":"https:\/\/eq-foods.com\/fr\/wp-json\/wp\/v2\/media?parent=71482"}],"curies":[{"name":"wp","href":"https:\/\/api.w.org\/{rel}","templated":true}]}}